{"id":200,"date":"2022-01-04T15:39:28","date_gmt":"2022-01-04T14:39:28","guid":{"rendered":"https:\/\/relakslyon.com\/?page_id=200"},"modified":"2022-06-28T09:38:40","modified_gmt":"2022-06-28T07:38:40","slug":"carte-des-massages","status":"publish","type":"page","link":"https:\/\/relakslyon.com\/?page_id=200","title":{"rendered":"Carte des massages"},"content":{"rendered":"<p>[et_pb_section fb_built=\u00a0\u00bb1&Prime; fullwidth=\u00a0\u00bbon\u00a0\u00bb _builder_version=\u00a0\u00bb4.14.4&Prime; _module_preset=\u00a0\u00bbdefault\u00a0\u00bb global_colors_info=\u00a0\u00bb{}\u00a0\u00bb][et_pb_fullwidth_image src=\u00a0\u00bbhttps:\/\/relakslyon.com\/wp-content\/uploads\/2022\/02\/bandeau4.jpg\u00a0\u00bb title_text=\u00a0\u00bbbandeau4&Prime; _builder_version=\u00a0\u00bb4.14.4&Prime; _module_preset=\u00a0\u00bbdefault\u00a0\u00bb min_height=\u00a0\u00bb335px\u00a0\u00bb custom_margin=\u00a0\u00bb||-5px|||\u00a0\u00bb custom_padding=\u00a0\u00bb0px||0px|||\u00a0\u00bb global_colors_info=\u00a0\u00bb{}\u00a0\u00bb][\/et_pb_fullwidth_image][\/et_pb_section][et_pb_section fb_built=\u00a0\u00bb1&Prime; _builder_version=\u00a0\u00bb4.14.4&Prime; _module_preset=\u00a0\u00bbdefault\u00a0\u00bb custom_padding=\u00a0\u00bb19px||0px|||\u00a0\u00bb global_colors_info=\u00a0\u00bb{}\u00a0\u00bb][et_pb_row _builder_version=\u00a0\u00bb4.14.4&Prime; _module_preset=\u00a0\u00bbdefault\u00a0\u00bb global_colors_info=\u00a0\u00bb{}\u00a0\u00bb][et_pb_column type=\u00a0\u00bb4_4&Prime; _builder_version=\u00a0\u00bb4.14.4&Prime; _module_preset=\u00a0\u00bbdefault\u00a0\u00bb global_colors_info=\u00a0\u00bb{}\u00a0\u00bb][et_pb_text _builder_version=\u00a0\u00bb4.14.4&Prime; _module_preset=\u00a0\u00bbdefault\u00a0\u00bb header_font=\u00a0\u00bbRoboto||||||||\u00a0\u00bb header_text_align=\u00a0\u00bbcenter\u00a0\u00bb header_text_color=\u00a0\u00bb#cfa57c\u00a0\u00bb header_font_size=\u00a0\u00bb60px\u00a0\u00bb global_colors_info=\u00a0\u00bb{}\u00a0\u00bb]<\/p>\n<h1>Carte des massages<\/h1>\n<p>[\/et_pb_text][\/et_pb_column][\/et_pb_row][\/et_pb_section][et_pb_section fb_built=\u00a0\u00bb1&Prime; _builder_version=\u00a0\u00bb4.14.4&Prime; _module_preset=\u00a0\u00bbdefault\u00a0\u00bb custom_margin=\u00a0\u00bb-2px|||||\u00a0\u00bb global_colors_info=\u00a0\u00bb{}\u00a0\u00bb][et_pb_row _builder_version=\u00a0\u00bb4.14.4&Prime; _module_preset=\u00a0\u00bbdefault\u00a0\u00bb global_colors_info=\u00a0\u00bb{}\u00a0\u00bb][et_pb_column type=\u00a0\u00bb4_4&Prime; _builder_version=\u00a0\u00bb4.14.4&Prime; _module_preset=\u00a0\u00bbdefault\u00a0\u00bb global_colors_info=\u00a0\u00bb{}\u00a0\u00bb][divi_catalog catalog=\u00a0\u00bb0&Prime; booking_params=\u00a0\u00bboff\u00a0\u00bb _builder_version=\u00a0\u00bb4.14.4&Prime; _module_preset=\u00a0\u00bbdefault\u00a0\u00bb global_colors_info=\u00a0\u00bb{}\u00a0\u00bb][\/divi_catalog][\/et_pb_column][\/et_pb_row][\/et_pb_section][et_pb_section fb_built=\u00a0\u00bb1&Prime; admin_label=\u00a0\u00bbFeatures\u00a0\u00bb _builder_version=\u00a0\u00bb4.14.4&Prime; background_image=\u00a0\u00bbhttps:\/\/relakslyon.com\/wp-content\/uploads\/2022\/01\/fond-gris.jpg\u00a0\u00bb custom_padding=\u00a0\u00bb0px|5px|17px|0px||\u00a0\u00bb saved_tabs=\u00a0\u00bball\u00a0\u00bb global_colors_info=\u00a0\u00bb{}\u00a0\u00bb][et_pb_row _builder_version=\u00a0\u00bb4.14.4&Prime; _module_preset=\u00a0\u00bbdefault\u00a0\u00bb custom_margin=\u00a0\u00bb|auto|0px|auto||\u00a0\u00bb custom_padding=\u00a0\u00bb74px|||||\u00a0\u00bb global_colors_info=\u00a0\u00bb{}\u00a0\u00bb][et_pb_column type=\u00a0\u00bb4_4&Prime; _builder_version=\u00a0\u00bb4.14.4&Prime; _module_preset=\u00a0\u00bbdefault\u00a0\u00bb global_colors_info=\u00a0\u00bb{}\u00a0\u00bb][et_pb_text _builder_version=\u00a0\u00bb4.14.4&Prime; _module_preset=\u00a0\u00bbdefault\u00a0\u00bb text_font=\u00a0\u00bbRoboto||||||||\u00a0\u00bb text_text_color=\u00a0\u00bb#762f4b\u00a0\u00bb text_font_size=\u00a0\u00bb48px\u00a0\u00bb header_font=\u00a0\u00bbRoboto||||||||\u00a0\u00bb header_font_size=\u00a0\u00bb35px\u00a0\u00bb text_orientation=\u00a0\u00bbcenter\u00a0\u00bb min_height=\u00a0\u00bb55px\u00a0\u00bb custom_padding=\u00a0\u00bb14px|||||\u00a0\u00bb global_colors_info=\u00a0\u00bb{}\u00a0\u00bb]<\/p>\n<p>Mes engagements<\/p>\n<p>[\/et_pb_text][\/et_pb_column][\/et_pb_row][et_pb_row column_structure=\u00a0\u00bb1_5,1_5,1_5,1_5,1_5&Prime; _builder_version=\u00a0\u00bb4.14.4&Prime; _module_preset=\u00a0\u00bbdefault\u00a0\u00bb global_colors_info=\u00a0\u00bb{}\u00a0\u00bb][et_pb_column type=\u00a0\u00bb1_5&Prime; _builder_version=\u00a0\u00bb4.14.4&Prime; _module_preset=\u00a0\u00bbdefault\u00a0\u00bb global_colors_info=\u00a0\u00bb{}\u00a0\u00bb][et_pb_image src=\u00a0\u00bbhttps:\/\/relakslyon.com\/wp-content\/uploads\/2022\/02\/picto-eau.png\u00a0\u00bb title_text=\u00a0\u00bbpicto-eau\u00a0\u00bb _builder_version=\u00a0\u00bb4.14.4&Prime; _module_preset=\u00a0\u00bbdefault\u00a0\u00bb global_colors_info=\u00a0\u00bb{}\u00a0\u00bb][\/et_pb_image][\/et_pb_column][et_pb_column type=\u00a0\u00bb1_5&Prime; _builder_version=\u00a0\u00bb4.14.4&Prime; _module_preset=\u00a0\u00bbdefault\u00a0\u00bb global_colors_info=\u00a0\u00bb{}\u00a0\u00bb][et_pb_image src=\u00a0\u00bbhttps:\/\/relakslyon.com\/wp-content\/uploads\/2022\/02\/picto-terre.png\u00a0\u00bb title_text=\u00a0\u00bbpicto-terre\u00a0\u00bb _builder_version=\u00a0\u00bb4.14.4&Prime; _module_preset=\u00a0\u00bbdefault\u00a0\u00bb global_colors_info=\u00a0\u00bb{}\u00a0\u00bb][\/et_pb_image][\/et_pb_column][et_pb_column type=\u00a0\u00bb1_5&Prime; _builder_version=\u00a0\u00bb4.14.4&Prime; _module_preset=\u00a0\u00bbdefault\u00a0\u00bb global_colors_info=\u00a0\u00bb{}\u00a0\u00bb][et_pb_image src=\u00a0\u00bbhttps:\/\/relakslyon.com\/wp-content\/uploads\/2022\/02\/picto-feu.png\u00a0\u00bb title_text=\u00a0\u00bbpicto-feu\u00a0\u00bb _builder_version=\u00a0\u00bb4.14.4&Prime; _module_preset=\u00a0\u00bbdefault\u00a0\u00bb global_colors_info=\u00a0\u00bb{}\u00a0\u00bb][\/et_pb_image][\/et_pb_column][et_pb_column type=\u00a0\u00bb1_5&Prime; _builder_version=\u00a0\u00bb4.14.4&Prime; _module_preset=\u00a0\u00bbdefault\u00a0\u00bb global_colors_info=\u00a0\u00bb{}\u00a0\u00bb][et_pb_image src=\u00a0\u00bbhttps:\/\/relakslyon.com\/wp-content\/uploads\/2022\/02\/picto-air.png\u00a0\u00bb title_text=\u00a0\u00bbpicto-air\u00a0\u00bb _builder_version=\u00a0\u00bb4.14.4&Prime; _module_preset=\u00a0\u00bbdefault\u00a0\u00bb global_colors_info=\u00a0\u00bb{}\u00a0\u00bb][\/et_pb_image][\/et_pb_column][et_pb_column type=\u00a0\u00bb1_5&Prime; _builder_version=\u00a0\u00bb4.14.4&Prime; _module_preset=\u00a0\u00bbdefault\u00a0\u00bb global_colors_info=\u00a0\u00bb{}\u00a0\u00bb][et_pb_image src=\u00a0\u00bbhttps:\/\/relakslyon.com\/wp-content\/uploads\/2022\/02\/picto-esp-ace.png\u00a0\u00bb title_text=\u00a0\u00bbpicto-esp-ace\u00a0\u00bb _builder_version=\u00a0\u00bb4.14.4&Prime; _module_preset=\u00a0\u00bbdefault\u00a0\u00bb global_colors_info=\u00a0\u00bb{}\u00a0\u00bb][\/et_pb_image][\/et_pb_column][\/et_pb_row][et_pb_row column_structure=\u00a0\u00bb1_5,1_5,1_5,1_5,1_5&Prime; _builder_version=\u00a0\u00bb4.14.4&Prime; _module_preset=\u00a0\u00bbdefault\u00a0\u00bb global_colors_info=\u00a0\u00bb{}\u00a0\u00bb][et_pb_column type=\u00a0\u00bb1_5&Prime; _builder_version=\u00a0\u00bb4.14.4&Prime; _module_preset=\u00a0\u00bbdefault\u00a0\u00bb global_colors_info=\u00a0\u00bb{}\u00a0\u00bb][et_pb_text _builder_version=\u00a0\u00bb4.14.4&Prime; _module_preset=\u00a0\u00bbdefault\u00a0\u00bb text_font=\u00a0\u00bbRoboto Condensed|||on|||||\u00a0\u00bb text_text_color=\u00a0\u00bb#b1c9e4&Prime; header_4_font=\u00a0\u00bbRoboto|||on|||||\u00a0\u00bb header_4_text_color=\u00a0\u00bb#81aee2&Prime; header_4_font_size=\u00a0\u00bb16px\u00a0\u00bb custom_margin=\u00a0\u00bb||-4px|||\u00a0\u00bb custom_padding=\u00a0\u00bb0px||0px||false|false\u00a0\u00bb global_colors_info=\u00a0\u00bb{}\u00a0\u00bb]<\/p>\n<div class=\"et_pb_blurb_container\">\n<h4 class=\"et_pb_module_header\" style=\"text-align: center;\"><strong>Hygi\u00e8ne<\/strong><span style=\"font-family: Roboto;\"><\/span><\/h4>\n<\/div>\n<p>[\/et_pb_text][et_pb_text _builder_version=\u00a0\u00bb4.14.4&Prime; _module_preset=\u00a0\u00bbdefault\u00a0\u00bb text_font=\u00a0\u00bbRoboto Condensed||||||||\u00a0\u00bb text_text_color=\u00a0\u00bb#000000&Prime; header_4_font=\u00a0\u00bbRoboto||||||||\u00a0\u00bb header_4_text_color=\u00a0\u00bb#000000&Prime; header_4_font_size=\u00a0\u00bb16px\u00a0\u00bb hover_enabled=\u00a0\u00bb0&Prime; global_colors_info=\u00a0\u00bb{}\u00a0\u00bb sticky_enabled=\u00a0\u00bb0&Prime;]<\/p>\n<div class=\"et_pb_blurb_container\">\n<div class=\"et_pb_blurb_description\">\n<p style=\"text-align: center;\"><span style=\"font-family: Roboto;\">Le linge est chang\u00e9, mes mains lav\u00e9es et les surfaces d\u00e9sinfect\u00e9es entre chaque client<\/span><\/p>\n<\/div>\n<\/div>\n<p>[\/et_pb_text][\/et_pb_column][et_pb_column type=\u00a0\u00bb1_5&Prime; _builder_version=\u00a0\u00bb4.14.4&Prime; _module_preset=\u00a0\u00bbdefault\u00a0\u00bb global_colors_info=\u00a0\u00bb{}\u00a0\u00bb][et_pb_text _builder_version=\u00a0\u00bb4.14.4&Prime; _module_preset=\u00a0\u00bbdefault\u00a0\u00bb text_font=\u00a0\u00bbRoboto Condensed|||on|||||\u00a0\u00bb text_text_color=\u00a0\u00bb#000000&Prime; header_4_font=\u00a0\u00bbRoboto||||||||\u00a0\u00bb header_4_text_color=\u00a0\u00bb#81b55c\u00a0\u00bb header_4_font_size=\u00a0\u00bb16px\u00a0\u00bb custom_margin=\u00a0\u00bb||-1px|||\u00a0\u00bb header_4_text_color_tablet=\u00a0\u00bb\u00a0\u00bb header_4_text_color_phone=\u00a0\u00bb\u00a0\u00bb header_4_text_color_last_edited=\u00a0\u00bbon|desktop\u00a0\u00bb global_colors_info=\u00a0\u00bb{}\u00a0\u00bb header_4_text_color__hover_enabled=\u00a0\u00bbon|desktop\u00a0\u00bb header_4_text_color__hover=\u00a0\u00bb#81b55c\u00a0\u00bb]<\/p>\n<div class=\"et_pb_blurb_container\">\n<h4 class=\"et_pb_module_header\" style=\"text-align: center;\"><strong>Produits bio et fran\u00e7ais<\/strong><span style=\"font-family: Roboto;\"><\/span><\/h4>\n<\/div>\n<p>[\/et_pb_text][et_pb_text _builder_version=\u00a0\u00bb4.14.4&Prime; _module_preset=\u00a0\u00bbdefault\u00a0\u00bb text_font=\u00a0\u00bbRoboto Condensed||||||||\u00a0\u00bb text_text_color=\u00a0\u00bb#000000&Prime; header_4_font=\u00a0\u00bbRoboto||||||||\u00a0\u00bb header_4_text_color=\u00a0\u00bb#000000&Prime; header_4_font_size=\u00a0\u00bb16px\u00a0\u00bb hover_enabled=\u00a0\u00bb0&Prime; global_colors_info=\u00a0\u00bb{}\u00a0\u00bb sticky_enabled=\u00a0\u00bb0&Prime;]<\/p>\n<div class=\"et_pb_blurb_container\">\n<div class=\"et_pb_blurb_description\">\n<p style=\"text-align: center;\"><span style=\"font-family: Roboto;\">Les huiles utilis\u00e9es sont Bio et produites par des laboratoires fran\u00e7ais.<\/span><\/p>\n<\/div>\n<\/div>\n<p>[\/et_pb_text][\/et_pb_column][et_pb_column type=\u00a0\u00bb1_5&Prime; _builder_version=\u00a0\u00bb4.14.4&Prime; _module_preset=\u00a0\u00bbdefault\u00a0\u00bb global_colors_info=\u00a0\u00bb{}\u00a0\u00bb][et_pb_text _builder_version=\u00a0\u00bb4.14.4&Prime; _module_preset=\u00a0\u00bbdefault\u00a0\u00bb text_font=\u00a0\u00bbRoboto Condensed|||on|||||\u00a0\u00bb text_text_color=\u00a0\u00bb#000000&Prime; header_4_font=\u00a0\u00bbRoboto|||on|||||\u00a0\u00bb header_4_text_color=\u00a0\u00bb#efa002&Prime; header_4_font_size=\u00a0\u00bb16px\u00a0\u00bb custom_margin=\u00a0\u00bb||15px|||\u00a0\u00bb global_colors_info=\u00a0\u00bb{}\u00a0\u00bb]<\/p>\n<div class=\"et_pb_blurb_container\">\n<h4 class=\"et_pb_module_header\" style=\"text-align: center;\"><strong>Accueil de qualit\u00e9<\/strong><span style=\"font-family: Roboto;\"><\/span><\/h4>\n<\/div>\n<p>[\/et_pb_text][et_pb_text _builder_version=\u00a0\u00bb4.14.4&Prime; _module_preset=\u00a0\u00bbdefault\u00a0\u00bb text_font=\u00a0\u00bbRoboto Condensed||||||||\u00a0\u00bb text_text_color=\u00a0\u00bb#000000&Prime; header_4_font=\u00a0\u00bbRoboto||||||||\u00a0\u00bb header_4_text_color=\u00a0\u00bb#000000&Prime; header_4_font_size=\u00a0\u00bb16px\u00a0\u00bb global_colors_info=\u00a0\u00bb{}\u00a0\u00bb]<\/p>\n<div class=\"et_pb_blurb_container\">\n<div class=\"et_pb_blurb_description\">\n<p style=\"text-align: center;\"><span style=\"font-family: Roboto;\">Respect, neutralit\u00e9 et bienveillance sont de rigueur.<\/span><\/p>\n<\/div>\n<\/div>\n<p>[\/et_pb_text][\/et_pb_column][et_pb_column type=\u00a0\u00bb1_5&Prime; _builder_version=\u00a0\u00bb4.14.4&Prime; _module_preset=\u00a0\u00bbdefault\u00a0\u00bb global_colors_info=\u00a0\u00bb{}\u00a0\u00bb][et_pb_text _builder_version=\u00a0\u00bb4.14.4&Prime; _module_preset=\u00a0\u00bbdefault\u00a0\u00bb text_font=\u00a0\u00bbRoboto Condensed|||on|||||\u00a0\u00bb text_text_color=\u00a0\u00bb#000000&Prime; header_4_font=\u00a0\u00bbRoboto||||||||\u00a0\u00bb header_4_text_color=\u00a0\u00bb#c67925&Prime; header_4_font_size=\u00a0\u00bb16px\u00a0\u00bb custom_margin=\u00a0\u00bb||0px|||\u00a0\u00bb global_colors_info=\u00a0\u00bb{}\u00a0\u00bb]<\/p>\n<div class=\"et_pb_blurb_container\">\n<h4 class=\"et_pb_module_header\" style=\"text-align: center;\"><span>Respect de la pudeur<\/span><span style=\"font-family: Roboto;\"><\/span><\/h4>\n<\/div>\n<p>[\/et_pb_text][et_pb_text _builder_version=\u00a0\u00bb4.14.4&Prime; _module_preset=\u00a0\u00bbdefault\u00a0\u00bb text_font=\u00a0\u00bbRoboto Condensed||||||||\u00a0\u00bb text_text_color=\u00a0\u00bb#000000&Prime; header_4_font=\u00a0\u00bbRoboto||||||||\u00a0\u00bb header_4_text_color=\u00a0\u00bb#000000&Prime; header_4_font_size=\u00a0\u00bb16px\u00a0\u00bb global_colors_info=\u00a0\u00bb{}\u00a0\u00bb]<\/p>\n<div class=\"et_pb_blurb_container\">\n<div class=\"et_pb_blurb_description\">\n<p style=\"text-align: center;\"><span style=\"font-family: Roboto;\">Vous gardez vos sous v\u00eatements et \u00a0\u00eates couvert pendant toute la dur\u00e9e du massage.<\/span><\/p>\n<\/div>\n<\/div>\n<p>[\/et_pb_text][\/et_pb_column][et_pb_column type=\u00a0\u00bb1_5&Prime; _builder_version=\u00a0\u00bb4.14.4&Prime; _module_preset=\u00a0\u00bbdefault\u00a0\u00bb global_colors_info=\u00a0\u00bb{}\u00a0\u00bb][et_pb_text _builder_version=\u00a0\u00bb4.14.4&Prime; _module_preset=\u00a0\u00bbdefault\u00a0\u00bb text_font=\u00a0\u00bbRoboto Condensed|||on|||||\u00a0\u00bb text_text_color=\u00a0\u00bb#000000&Prime; header_4_font=\u00a0\u00bbRoboto||||||||\u00a0\u00bb header_4_text_color=\u00a0\u00bb#762f4b\u00a0\u00bb header_4_font_size=\u00a0\u00bb16px\u00a0\u00bb custom_margin=\u00a0\u00bb||14px|||\u00a0\u00bb global_colors_info=\u00a0\u00bb{}\u00a0\u00bb]<\/p>\n<div class=\"et_pb_blurb_container\">\n<h4 class=\"et_pb_module_header\" style=\"text-align: center;\"><strong>Code de d\u00e9ontologie<\/strong><\/h4>\n<\/div>\n<p>[\/et_pb_text][et_pb_button button_url=\u00a0\u00bbhttps:\/\/ffmbe.fr\/code-deontologie-metier-masseur-2\/\u00a0\u00bb url_new_window=\u00a0\u00bbon\u00a0\u00bb button_text=\u00a0\u00bbEn savoir plus\u00a0\u00bb button_alignment=\u00a0\u00bbcenter\u00a0\u00bb _builder_version=\u00a0\u00bb4.14.4&Prime; _module_preset=\u00a0\u00bbdefault\u00a0\u00bb custom_button=\u00a0\u00bbon\u00a0\u00bb button_text_size=\u00a0\u00bb16px\u00a0\u00bb button_text_color=\u00a0\u00bb#FFFFFF\u00a0\u00bb button_bg_color=\u00a0\u00bb#762f4b\u00a0\u00bb button_border_width=\u00a0\u00bb0px\u00a0\u00bb button_border_radius=\u00a0\u00bb35px\u00a0\u00bb button_font=\u00a0\u00bbRoboto||||||||\u00a0\u00bb custom_padding=\u00a0\u00bb9px||9px||false|false\u00a0\u00bb global_colors_info=\u00a0\u00bb{}\u00a0\u00bb][\/et_pb_button][\/et_pb_column][\/et_pb_row][\/et_pb_section]<\/p>\n","protected":false},"excerpt":{"rendered":"<p>Carte des massages<div class=\"et_pb_module divi_catalog divi_catalog_0\">\n\t\t\t\t\n\t\t\t\t\n\t\t\t\t\n\t\t\t\t\n\t\t\t\t<div class=\"et_pb_module_inner\">\n\t\t\t\t\t\n<script>\n  if (typeof hasAmeliaAppointment === 'undefined') {\n    var hasAmeliaAppointment = true;\n  }\n  if (typeof hasAppointmentApiCall === 'undefined' && '' === '') {\n    var hasAppointmentApiCall = true;\n  }\n  var bookingEntitiesIds = (typeof bookingEntitiesIds === 'undefined') ? [] : bookingEntitiesIds;\n  bookingEntitiesIds.push(\n    {\n      'hasApiCall': (typeof hasAppointmentApiCall !== 'undefined') && hasAppointmentApiCall,\n      'trigger': '',\n      'show': '',\n      'counter': '0',\n      'employee': '',\n      'location': ''\n    }\n  );\n  var lazyBookingEntitiesIds = (typeof lazyBookingEntitiesIds === 'undefined') ? [] : lazyBookingEntitiesIds;\n  if (bookingEntitiesIds[bookingEntitiesIds.length - 1].trigger !== '') {\n    lazyBookingEntitiesIds.push(bookingEntitiesIds.pop());\n  }\n  if (typeof hasAppointmentApiCall !== 'undefined' && hasAppointmentApiCall) {\n    hasAppointmentApiCall = false;\n  }\n<\/script>\n\n<div id=\"amelia-app-booking0\" class=\"amelia-service amelia-frontend amelia-app-booking\">\n  <catalog><\/catalog>\n<\/div>\n\n\t\t\t\t<\/div>\n\t\t\t<\/div>Mes engagements Hygi\u00e8ne Le linge est chang\u00e9, mes mains lav\u00e9es et les surfaces d\u00e9sinfect\u00e9es entre chaque client Produits bio et fran\u00e7ais Les huiles utilis\u00e9es sont Bio et produites par des laboratoires fran\u00e7ais. Accueil de qualit\u00e9 Respect, neutralit\u00e9 et bienveillance sont de rigueur. Respect de la pudeur Vous gardez [&hellip;]<\/p>\n","protected":false},"author":1,"featured_media":0,"parent":0,"menu_order":0,"comment_status":"closed","ping_status":"closed","template":"","meta":{"_et_pb_use_builder":"on","_et_pb_old_content":"","_et_gb_content_width":"","footnotes":""},"class_list":["post-200","page","type-page","status-publish","hentry"],"yoast_head":"<!-- This site is optimized with the Yoast SEO plugin v17.8 - https:\/\/yoast.com\/wordpress\/plugins\/seo\/ -->\n<title>Carte des massages - relakslyon<\/title>\n<meta name=\"robots\" content=\"index, follow, max-snippet:-1, max-image-preview:large, max-video-preview:-1\" \/>\n<link rel=\"canonical\" href=\"https:\/\/relakslyon.com\/?page_id=200\" \/>\n<meta property=\"og:locale\" content=\"fr_FR\" \/>\n<meta property=\"og:type\" content=\"article\" \/>\n<meta property=\"og:title\" content=\"Carte des massages - relakslyon\" \/>\n<meta property=\"og:description\" content=\"Carte des massagesMes engagements Hygi\u00e8ne Le linge est chang\u00e9, mes mains lav\u00e9es et les surfaces d\u00e9sinfect\u00e9es entre chaque client Produits bio et fran\u00e7ais Les huiles utilis\u00e9es sont Bio et produites par des laboratoires fran\u00e7ais. Accueil de qualit\u00e9 Respect, neutralit\u00e9 et bienveillance sont de rigueur. Respect de la pudeur Vous gardez [&hellip;]\" \/>\n<meta property=\"og:url\" content=\"https:\/\/relakslyon.com\/?page_id=200\" \/>\n<meta property=\"og:site_name\" content=\"relakslyon\" \/>\n<meta property=\"article:modified_time\" content=\"2022-06-28T07:38:40+00:00\" \/>\n<meta name=\"twitter:card\" content=\"summary_large_image\" \/>\n<meta name=\"twitter:label1\" content=\"Dur\u00e9e de lecture estim\u00e9e\" \/>\n\t<meta name=\"twitter:data1\" content=\"1 minute\" \/>\n<script type=\"application\/ld+json\" class=\"yoast-schema-graph\">{\"@context\":\"https:\/\/schema.org\",\"@graph\":[{\"@type\":\"WebSite\",\"@id\":\"https:\/\/relakslyon.com\/#website\",\"url\":\"https:\/\/relakslyon.com\/\",\"name\":\"relakslyon\",\"description\":\"\",\"potentialAction\":[{\"@type\":\"SearchAction\",\"target\":{\"@type\":\"EntryPoint\",\"urlTemplate\":\"https:\/\/relakslyon.com\/?s={search_term_string}\"},\"query-input\":\"required name=search_term_string\"}],\"inLanguage\":\"fr-FR\"},{\"@type\":\"WebPage\",\"@id\":\"https:\/\/relakslyon.com\/?page_id=200#webpage\",\"url\":\"https:\/\/relakslyon.com\/?page_id=200\",\"name\":\"Carte des massages - relakslyon\",\"isPartOf\":{\"@id\":\"https:\/\/relakslyon.com\/#website\"},\"datePublished\":\"2022-01-04T14:39:28+00:00\",\"dateModified\":\"2022-06-28T07:38:40+00:00\",\"breadcrumb\":{\"@id\":\"https:\/\/relakslyon.com\/?page_id=200#breadcrumb\"},\"inLanguage\":\"fr-FR\",\"potentialAction\":[{\"@type\":\"ReadAction\",\"target\":[\"https:\/\/relakslyon.com\/?page_id=200\"]}]},{\"@type\":\"BreadcrumbList\",\"@id\":\"https:\/\/relakslyon.com\/?page_id=200#breadcrumb\",\"itemListElement\":[{\"@type\":\"ListItem\",\"position\":1,\"name\":\"Accueil\",\"item\":\"https:\/\/relakslyon.com\/\"},{\"@type\":\"ListItem\",\"position\":2,\"name\":\"Carte des massages\"}]}]}<\/script>\n<!-- \/ Yoast SEO plugin. -->","yoast_head_json":{"title":"Carte des massages - relakslyon","robots":{"index":"index","follow":"follow","max-snippet":"max-snippet:-1","max-image-preview":"max-image-preview:large","max-video-preview":"max-video-preview:-1"},"canonical":"https:\/\/relakslyon.com\/?page_id=200","og_locale":"fr_FR","og_type":"article","og_title":"Carte des massages - relakslyon","og_description":"Carte des massagesMes engagements Hygi\u00e8ne Le linge est chang\u00e9, mes mains lav\u00e9es et les surfaces d\u00e9sinfect\u00e9es entre chaque client Produits bio et fran\u00e7ais Les huiles utilis\u00e9es sont Bio et produites par des laboratoires fran\u00e7ais. Accueil de qualit\u00e9 Respect, neutralit\u00e9 et bienveillance sont de rigueur. Respect de la pudeur Vous gardez [&hellip;]","og_url":"https:\/\/relakslyon.com\/?page_id=200","og_site_name":"relakslyon","article_modified_time":"2022-06-28T07:38:40+00:00","twitter_card":"summary_large_image","twitter_misc":{"Dur\u00e9e de lecture estim\u00e9e":"1 minute"},"schema":{"@context":"https:\/\/schema.org","@graph":[{"@type":"WebSite","@id":"https:\/\/relakslyon.com\/#website","url":"https:\/\/relakslyon.com\/","name":"relakslyon","description":"","potentialAction":[{"@type":"SearchAction","target":{"@type":"EntryPoint","urlTemplate":"https:\/\/relakslyon.com\/?s={search_term_string}"},"query-input":"required name=search_term_string"}],"inLanguage":"fr-FR"},{"@type":"WebPage","@id":"https:\/\/relakslyon.com\/?page_id=200#webpage","url":"https:\/\/relakslyon.com\/?page_id=200","name":"Carte des massages - relakslyon","isPartOf":{"@id":"https:\/\/relakslyon.com\/#website"},"datePublished":"2022-01-04T14:39:28+00:00","dateModified":"2022-06-28T07:38:40+00:00","breadcrumb":{"@id":"https:\/\/relakslyon.com\/?page_id=200#breadcrumb"},"inLanguage":"fr-FR","potentialAction":[{"@type":"ReadAction","target":["https:\/\/relakslyon.com\/?page_id=200"]}]},{"@type":"BreadcrumbList","@id":"https:\/\/relakslyon.com\/?page_id=200#breadcrumb","itemListElement":[{"@type":"ListItem","position":1,"name":"Accueil","item":"https:\/\/relakslyon.com\/"},{"@type":"ListItem","position":2,"name":"Carte des massages"}]}]}},"_links":{"self":[{"href":"https:\/\/relakslyon.com\/index.php?rest_route=\/wp\/v2\/pages\/200","targetHints":{"allow":["GET"]}}],"collection":[{"href":"https:\/\/relakslyon.com\/index.php?rest_route=\/wp\/v2\/pages"}],"about":[{"href":"https:\/\/relakslyon.com\/index.php?rest_route=\/wp\/v2\/types\/page"}],"author":[{"embeddable":true,"href":"https:\/\/relakslyon.com\/index.php?rest_route=\/wp\/v2\/users\/1"}],"replies":[{"embeddable":true,"href":"https:\/\/relakslyon.com\/index.php?rest_route=%2Fwp%2Fv2%2Fcomments&post=200"}],"version-history":[{"count":14,"href":"https:\/\/relakslyon.com\/index.php?rest_route=\/wp\/v2\/pages\/200\/revisions"}],"predecessor-version":[{"id":993,"href":"https:\/\/relakslyon.com\/index.php?rest_route=\/wp\/v2\/pages\/200\/revisions\/993"}],"wp:attachment":[{"href":"https:\/\/relakslyon.com\/index.php?rest_route=%2Fwp%2Fv2%2Fmedia&parent=200"}],"curies":[{"name":"wp","href":"https:\/\/api.w.org\/{rel}","templated":true}]}}