{"id":265,"date":"2022-01-04T16:34:05","date_gmt":"2022-01-04T15:34:05","guid":{"rendered":"https:\/\/relakslyon.com\/?product=carte-cadeau"},"modified":"2022-03-31T15:31:30","modified_gmt":"2022-03-31T13:31:30","slug":"carte-cadeau","status":"publish","type":"product","link":"https:\/\/relakslyon.com\/?product=carte-cadeau","title":{"rendered":"Carte Cadeau"},"content":{"rendered":"<p>[et_pb_section fb_built=\u00a0\u00bb1&Prime; _builder_version=\u00a0\u00bb3.22&Prime; custom_padding=\u00a0\u00bb0px||||false|false\u00a0\u00bb global_colors_info=\u00a0\u00bb{}\u00a0\u00bb][et_pb_row _builder_version=\u00a0\u00bb3.25&Prime; background_size=\u00a0\u00bbinitial\u00a0\u00bb background_position=\u00a0\u00bbtop_left\u00a0\u00bb background_repeat=\u00a0\u00bbrepeat\u00a0\u00bb width=\u00a0\u00bb100%\u00a0\u00bb custom_padding=\u00a0\u00bb0px||0px||false|false\u00a0\u00bb global_colors_info=\u00a0\u00bb{}\u00a0\u00bb][et_pb_column type=\u00a0\u00bb4_4&Prime; _builder_version=\u00a0\u00bb3.25&Prime; custom_padding=\u00a0\u00bb|||\u00a0\u00bb global_colors_info=\u00a0\u00bb{}\u00a0\u00bb custom_padding__hover=\u00a0\u00bb|||\u00a0\u00bb][et_pb_wc_breadcrumb _builder_version=\u00a0\u00bb4.14.4&Prime; body_text_color=\u00a0\u00bb#762f4b\u00a0\u00bb global_colors_info=\u00a0\u00bb{}\u00a0\u00bb][\/et_pb_wc_breadcrumb][et_pb_wc_cart_notice global_colors_info=\u00a0\u00bb{}\u00a0\u00bb][\/et_pb_wc_cart_notice][\/et_pb_column][\/et_pb_row][et_pb_row column_structure=\u00a0\u00bb1_2,1_2&Prime; _builder_version=\u00a0\u00bb3.25&Prime; background_size=\u00a0\u00bbinitial\u00a0\u00bb background_position=\u00a0\u00bbtop_left\u00a0\u00bb background_repeat=\u00a0\u00bbrepeat\u00a0\u00bb width=\u00a0\u00bb100%\u00a0\u00bb custom_padding=\u00a0\u00bb0px||||false|false\u00a0\u00bb global_colors_info=\u00a0\u00bb{}\u00a0\u00bb][et_pb_column type=\u00a0\u00bb1_2&Prime; _builder_version=\u00a0\u00bb3.25&Prime; custom_padding=\u00a0\u00bb|||\u00a0\u00bb global_colors_info=\u00a0\u00bb{}\u00a0\u00bb custom_padding__hover=\u00a0\u00bb|||\u00a0\u00bb][et_pb_wc_images _builder_version=\u00a0\u00bb3.0.47&Prime; global_colors_info=\u00a0\u00bb{}\u00a0\u00bb][\/et_pb_wc_images][\/et_pb_column][et_pb_column type=\u00a0\u00bb1_2&Prime; _builder_version=\u00a0\u00bb3.25&Prime; custom_padding=\u00a0\u00bb|||\u00a0\u00bb global_colors_info=\u00a0\u00bb{}\u00a0\u00bb custom_padding__hover=\u00a0\u00bb|||\u00a0\u00bb][et_pb_wc_title _builder_version=\u00a0\u00bb3.0.47&Prime; global_colors_info=\u00a0\u00bb{}\u00a0\u00bb][\/et_pb_wc_title][et_pb_wc_rating _builder_version=\u00a0\u00bb3.0.47&Prime; global_colors_info=\u00a0\u00bb{}\u00a0\u00bb][\/et_pb_wc_rating][et_pb_wc_price _builder_version=\u00a0\u00bb3.0.47&Prime; global_colors_info=\u00a0\u00bb{}\u00a0\u00bb][\/et_pb_wc_price][et_pb_wc_description _builder_version=\u00a0\u00bb3.0.47&Prime; global_colors_info=\u00a0\u00bb{}\u00a0\u00bb][\/et_pb_wc_description][et_pb_wc_add_to_cart _builder_version=\u00a0\u00bb4.14.4&Prime; custom_button=\u00a0\u00bbon\u00a0\u00bb button_text_color=\u00a0\u00bb#FFFFFF\u00a0\u00bb button_bg_color=\u00a0\u00bb#762f4b\u00a0\u00bb button_border_width=\u00a0\u00bb1px\u00a0\u00bb button_border_radius=\u00a0\u00bb59px\u00a0\u00bb global_colors_info=\u00a0\u00bb{}\u00a0\u00bb][\/et_pb_wc_add_to_cart][et_pb_wc_meta _builder_version=\u00a0\u00bb3.0.47&Prime; global_colors_info=\u00a0\u00bb{}\u00a0\u00bb][\/et_pb_wc_meta][\/et_pb_column][\/et_pb_row][et_pb_row _builder_version=\u00a0\u00bb3.25&Prime; background_size=\u00a0\u00bbinitial\u00a0\u00bb background_position=\u00a0\u00bbtop_left\u00a0\u00bb background_repeat=\u00a0\u00bbrepeat\u00a0\u00bb width=\u00a0\u00bb100%\u00a0\u00bb global_colors_info=\u00a0\u00bb{}\u00a0\u00bb][et_pb_column type=\u00a0\u00bb4_4&Prime; _builder_version=\u00a0\u00bb3.25&Prime; custom_padding=\u00a0\u00bb|||\u00a0\u00bb global_colors_info=\u00a0\u00bb{}\u00a0\u00bb custom_padding__hover=\u00a0\u00bb|||\u00a0\u00bb][et_pb_wc_tabs _builder_version=\u00a0\u00bb3.0.47&Prime; global_colors_info=\u00a0\u00bb{}\u00a0\u00bb]\t\t\t\t\t[\/et_pb_wc_tabs][et_pb_wc_upsells _builder_version=\u00a0\u00bb3.0.47&Prime; global_colors_info=\u00a0\u00bb{}\u00a0\u00bb][\/et_pb_wc_upsells][et_pb_wc_related_products _builder_version=\u00a0\u00bb3.0.47&Prime; global_colors_info=\u00a0\u00bb{}\u00a0\u00bb][\/et_pb_wc_related_products][\/et_pb_column][\/et_pb_row][\/et_pb_section]<\/p>\n","protected":false},"excerpt":{"rendered":"<p>Valable 1 an \u00e0 compter de sa date d\u2019\u00e9mission.<br \/>\nVous choisissez la dur\u00e9e et le montant, la personne b\u00e9n\u00e9ficiaire de votre pr\u00e9sent choisira, lors de la prise du rendez-vous, la prestation qui lui convient.<\/p>\n","protected":false},"featured_media":689,"comment_status":"open","ping_status":"closed","template":"","meta":{"_et_pb_use_builder":"on","_et_pb_old_content":"Valable 1 an \u00e0 compter de sa date d\u2019\u00e9mission.\r\nVous choisissez la dur\u00e9e et le montant, la personne b\u00e9n\u00e9ficiaire de votre pr\u00e9sent choisira, lors de la prise du rendez-vous, la prestation qui lui convient.","_et_gb_content_width":""},"product_cat":[26],"product_tag":[],"class_list":{"0":"post-265","1":"product","2":"type-product","3":"status-publish","4":"has-post-thumbnail","6":"product_cat-bon-cadeau","8":"first","9":"instock","10":"taxable","11":"shipping-taxable","12":"purchasable","13":"product-type-pw-gift-card"},"yoast_head":"<!-- This site is optimized with the Yoast SEO plugin v17.8 - https:\/\/yoast.com\/wordpress\/plugins\/seo\/ -->\n<title>Carte Cadeau - relakslyon<\/title>\n<meta name=\"robots\" content=\"index, follow, max-snippet:-1, max-image-preview:large, max-video-preview:-1\" \/>\n<link rel=\"canonical\" href=\"https:\/\/relakslyon.com\/?product=carte-cadeau\" \/>\n<meta property=\"og:locale\" content=\"fr_FR\" \/>\n<meta property=\"og:type\" content=\"article\" \/>\n<meta property=\"og:title\" content=\"Carte Cadeau - relakslyon\" \/>\n<meta property=\"og:description\" content=\"Valable 1 an \u00e0 compter de sa date d\u2019\u00e9mission. Vous choisissez la dur\u00e9e et le montant, la personne b\u00e9n\u00e9ficiaire de votre pr\u00e9sent choisira, lors de la prise du rendez-vous, la prestation qui lui convient.\" \/>\n<meta property=\"og:url\" content=\"https:\/\/relakslyon.com\/?product=carte-cadeau\" \/>\n<meta property=\"og:site_name\" content=\"relakslyon\" \/>\n<meta property=\"article:modified_time\" content=\"2022-03-31T13:31:30+00:00\" \/>\n<meta property=\"og:image\" content=\"https:\/\/relakslyon.com\/wp-content\/uploads\/2022\/01\/carte-cadeau-vert.jpg\" \/>\n\t<meta property=\"og:image:width\" content=\"400\" \/>\n\t<meta property=\"og:image:height\" content=\"600\" \/>\n<meta name=\"twitter:card\" content=\"summary_large_image\" \/>\n<meta name=\"twitter:label1\" content=\"Dur\u00e9e de lecture estim\u00e9e\" \/>\n\t<meta name=\"twitter:data1\" content=\"2 minutes\" \/>\n<script type=\"application\/ld+json\" class=\"yoast-schema-graph\">{\"@context\":\"https:\/\/schema.org\",\"@graph\":[{\"@type\":\"WebSite\",\"@id\":\"https:\/\/relakslyon.com\/#website\",\"url\":\"https:\/\/relakslyon.com\/\",\"name\":\"relakslyon\",\"description\":\"\",\"potentialAction\":[{\"@type\":\"SearchAction\",\"target\":{\"@type\":\"EntryPoint\",\"urlTemplate\":\"https:\/\/relakslyon.com\/?s={search_term_string}\"},\"query-input\":\"required name=search_term_string\"}],\"inLanguage\":\"fr-FR\"},{\"@type\":\"ImageObject\",\"@id\":\"https:\/\/relakslyon.com\/?product=carte-cadeau#primaryimage\",\"inLanguage\":\"fr-FR\",\"url\":\"https:\/\/relakslyon.com\/wp-content\/uploads\/2022\/01\/carte-cadeau-vert.jpg\",\"contentUrl\":\"https:\/\/relakslyon.com\/wp-content\/uploads\/2022\/01\/carte-cadeau-vert.jpg\",\"width\":400,\"height\":600},{\"@type\":\"WebPage\",\"@id\":\"https:\/\/relakslyon.com\/?product=carte-cadeau#webpage\",\"url\":\"https:\/\/relakslyon.com\/?product=carte-cadeau\",\"name\":\"Carte Cadeau - relakslyon\",\"isPartOf\":{\"@id\":\"https:\/\/relakslyon.com\/#website\"},\"primaryImageOfPage\":{\"@id\":\"https:\/\/relakslyon.com\/?product=carte-cadeau#primaryimage\"},\"datePublished\":\"2022-01-04T15:34:05+00:00\",\"dateModified\":\"2022-03-31T13:31:30+00:00\",\"breadcrumb\":{\"@id\":\"https:\/\/relakslyon.com\/?product=carte-cadeau#breadcrumb\"},\"inLanguage\":\"fr-FR\",\"potentialAction\":[{\"@type\":\"ReadAction\",\"target\":[\"https:\/\/relakslyon.com\/?product=carte-cadeau\"]}]},{\"@type\":\"BreadcrumbList\",\"@id\":\"https:\/\/relakslyon.com\/?product=carte-cadeau#breadcrumb\",\"itemListElement\":[{\"@type\":\"ListItem\",\"position\":1,\"name\":\"Accueil\",\"item\":\"https:\/\/relakslyon.com\/\"},{\"@type\":\"ListItem\",\"position\":2,\"name\":\"Boutique\",\"item\":\"https:\/\/relakslyon.com\/?page_id=146\"},{\"@type\":\"ListItem\",\"position\":3,\"name\":\"Carte Cadeau\"}]}]}<\/script>\n<!-- \/ Yoast SEO plugin. -->","yoast_head_json":{"title":"Carte Cadeau - relakslyon","robots":{"index":"index","follow":"follow","max-snippet":"max-snippet:-1","max-image-preview":"max-image-preview:large","max-video-preview":"max-video-preview:-1"},"canonical":"https:\/\/relakslyon.com\/?product=carte-cadeau","og_locale":"fr_FR","og_type":"article","og_title":"Carte Cadeau - relakslyon","og_description":"Valable 1 an \u00e0 compter de sa date d\u2019\u00e9mission. Vous choisissez la dur\u00e9e et le montant, la personne b\u00e9n\u00e9ficiaire de votre pr\u00e9sent choisira, lors de la prise du rendez-vous, la prestation qui lui convient.","og_url":"https:\/\/relakslyon.com\/?product=carte-cadeau","og_site_name":"relakslyon","article_modified_time":"2022-03-31T13:31:30+00:00","og_image":[{"width":400,"height":600,"url":"https:\/\/relakslyon.com\/wp-content\/uploads\/2022\/01\/carte-cadeau-vert.jpg","type":"image\/jpeg"}],"twitter_card":"summary_large_image","twitter_misc":{"Dur\u00e9e de lecture estim\u00e9e":"2 minutes"},"schema":{"@context":"https:\/\/schema.org","@graph":[{"@type":"WebSite","@id":"https:\/\/relakslyon.com\/#website","url":"https:\/\/relakslyon.com\/","name":"relakslyon","description":"","potentialAction":[{"@type":"SearchAction","target":{"@type":"EntryPoint","urlTemplate":"https:\/\/relakslyon.com\/?s={search_term_string}"},"query-input":"required name=search_term_string"}],"inLanguage":"fr-FR"},{"@type":"ImageObject","@id":"https:\/\/relakslyon.com\/?product=carte-cadeau#primaryimage","inLanguage":"fr-FR","url":"https:\/\/relakslyon.com\/wp-content\/uploads\/2022\/01\/carte-cadeau-vert.jpg","contentUrl":"https:\/\/relakslyon.com\/wp-content\/uploads\/2022\/01\/carte-cadeau-vert.jpg","width":400,"height":600},{"@type":"WebPage","@id":"https:\/\/relakslyon.com\/?product=carte-cadeau#webpage","url":"https:\/\/relakslyon.com\/?product=carte-cadeau","name":"Carte Cadeau - relakslyon","isPartOf":{"@id":"https:\/\/relakslyon.com\/#website"},"primaryImageOfPage":{"@id":"https:\/\/relakslyon.com\/?product=carte-cadeau#primaryimage"},"datePublished":"2022-01-04T15:34:05+00:00","dateModified":"2022-03-31T13:31:30+00:00","breadcrumb":{"@id":"https:\/\/relakslyon.com\/?product=carte-cadeau#breadcrumb"},"inLanguage":"fr-FR","potentialAction":[{"@type":"ReadAction","target":["https:\/\/relakslyon.com\/?product=carte-cadeau"]}]},{"@type":"BreadcrumbList","@id":"https:\/\/relakslyon.com\/?product=carte-cadeau#breadcrumb","itemListElement":[{"@type":"ListItem","position":1,"name":"Accueil","item":"https:\/\/relakslyon.com\/"},{"@type":"ListItem","position":2,"name":"Boutique","item":"https:\/\/relakslyon.com\/?page_id=146"},{"@type":"ListItem","position":3,"name":"Carte Cadeau"}]}]}},"_links":{"self":[{"href":"https:\/\/relakslyon.com\/index.php?rest_route=\/wp\/v2\/product\/265","targetHints":{"allow":["GET"]}}],"collection":[{"href":"https:\/\/relakslyon.com\/index.php?rest_route=\/wp\/v2\/product"}],"about":[{"href":"https:\/\/relakslyon.com\/index.php?rest_route=\/wp\/v2\/types\/product"}],"replies":[{"embeddable":true,"href":"https:\/\/relakslyon.com\/index.php?rest_route=%2Fwp%2Fv2%2Fcomments&post=265"}],"wp:featuredmedia":[{"embeddable":true,"href":"https:\/\/relakslyon.com\/index.php?rest_route=\/wp\/v2\/media\/689"}],"wp:attachment":[{"href":"https:\/\/relakslyon.com\/index.php?rest_route=%2Fwp%2Fv2%2Fmedia&parent=265"}],"wp:term":[{"taxonomy":"product_cat","embeddable":true,"href":"https:\/\/relakslyon.com\/index.php?rest_route=%2Fwp%2Fv2%2Fproduct_cat&post=265"},{"taxonomy":"product_tag","embeddable":true,"href":"https:\/\/relakslyon.com\/index.php?rest_route=%2Fwp%2Fv2%2Fproduct_tag&post=265"}],"curies":[{"name":"wp","href":"https:\/\/api.w.org\/{rel}","templated":true}]}}